{"id":25953645,"date":"2024-03-23T21:42:31","date_gmt":"2024-03-23T20:42:31","guid":{"rendered":"https:\/\/goldshteynsaatortgallery.com\/lithographie-vinie\/"},"modified":"2024-05-30T16:12:59","modified_gmt":"2024-05-30T14:12:59","slug":"lithographie-vinie","status":"publish","type":"page","link":"https:\/\/goldshteynsaatortgallery.com\/en\/lithographie-vinie\/","title":{"rendered":"Litho vinie"},"content":{"rendered":"<p>[et_pb_section fb_built=&#8221;1&#8243; custom_padding_last_edited=&#8221;on|desktop&#8221; _builder_version=&#8221;4.24.2&#8243; custom_padding=&#8221;100px||||false|false&#8221; custom_padding_tablet=&#8221;100px||||false|false&#8221; custom_padding_phone=&#8221;80px||||false|false&#8221; global_colors_info=&#8221;{}&#8221;][et_pb_row _builder_version=&#8221;4.24.2&#8243; _module_preset=&#8221;default&#8221; width=&#8221;100%&#8221; max_width=&#8221;100%&#8221; global_colors_info=&#8221;{}&#8221;][et_pb_column type=&#8221;4_4&#8243; _builder_version=&#8221;4.16&#8243; _module_preset=&#8221;default&#8221; global_colors_info=&#8221;{}&#8221;][dipi_dual_heading first_heading=&#8221;LITHOGRAPHIE &#8221; second_heading=&#8221;VINIE&#8221; fh_style=&#8221;stroke&#8221; fh_stroke_color=&#8221;#000000&#8243; fh_stroke_fill=&#8221;RGBA(0,0,0,0)&#8221; first_heading_color_gradient_stops=&#8221;#ed3f2f 0%|#8e0e0e 100%&#8221; first_heading_color_gradient_start=&#8221;#ed3f2f&#8221; first_heading_color_gradient_end=&#8221;#8e0e0e&#8221; first_heading_image=&#8221;https:\/\/goldshteynsaatortgallery.com\/wp-content\/uploads\/2021\/10\/LAKERS-AKIROVITCH-56X39-2021-galeriedart.jpg&#8221; sh_style=&#8221;background&#8221; sh_background_animation=&#8221;on&#8221; sh_background_animation_speed=&#8221;16&#8243; sh_background_animation_direction=&#8221;dipiBGTopToBottom&#8221; sh_background_style=&#8221;clipped&#8221; second_heading_image=&#8221;https:\/\/goldshteynsaatortgallery.com\/wp-content\/uploads\/2021\/10\/Bourgogne-Vinie-120X120-2021-galerie.jpg&#8221; bt_style=&#8221;background&#8221; background_text_use_color_gradient=&#8221;on&#8221; background_text_color_gradient_stops=&#8221;#b72924 0%|#ff4621 100%&#8221; background_text_color_gradient_start=&#8221;#b72924&#8243; background_text_color_gradient_end=&#8221;#ff4621&#8243; sh_reveal_effect_use_color_gradient=&#8221;on&#8221; heading_display_tablet=&#8221;&#8221; heading_display_phone=&#8221;column&#8221; heading_display_last_edited=&#8221;on|phone&#8221; _builder_version=&#8221;4.24.2&#8243; _module_preset=&#8221;default&#8221; first_heading_font=&#8221;ETHON bLK normal|900||on|||||&#8221; first_heading_text_color=&#8221;#000000&#8243; first_heading_font_size=&#8221;100px&#8221; first_heading_letter_spacing=&#8221;7px&#8221; first_heading_line_height=&#8221;0.9em&#8221; second_heading_font=&#8221;ETHON bLK normal|900||on|||||&#8221; second_heading_font_size=&#8221;100px&#8221; second_heading_line_height=&#8221;0.9em&#8221; background_text_font=&#8221;|700|||||||&#8221; background_text_text_color=&#8221;#000000&#8243; first_heading_font_size_tablet=&#8221;70px&#8221; first_heading_font_size_phone=&#8221;40px&#8221; first_heading_font_size_last_edited=&#8221;on|tablet&#8221; second_heading_font_size_tablet=&#8221;100px&#8221; second_heading_font_size_phone=&#8221;40px&#8221; second_heading_font_size_last_edited=&#8221;on|phone&#8221; global_colors_info=&#8221;{}&#8221; overlay_bg_color_gradient_type_tablet=&#8221;linear&#8221; overlay_bg_color_gradient_type_phone=&#8221;linear&#8221; overlay_bg_color_gradient_type__hover=&#8221;linear&#8221; image_bg_color_gradient_type__hover=&#8221;linear&#8221;][\/dipi_dual_heading][\/et_pb_column][\/et_pb_row][et_pb_row _builder_version=&#8221;4.16&#8243; background_size=&#8221;initial&#8221; background_position=&#8221;top_left&#8221; background_repeat=&#8221;repeat&#8221; width=&#8221;100%&#8221; custom_padding=&#8221;0px||0px||false|false&#8221; global_colors_info=&#8221;{}&#8221;][et_pb_column type=&#8221;4_4&#8243; _builder_version=&#8221;4.16&#8243; custom_padding=&#8221;|||&#8221; global_colors_info=&#8221;{}&#8221; custom_padding__hover=&#8221;|||&#8221;][et_pb_wc_cart_notice _builder_version=&#8221;4.16&#8243; global_colors_info=&#8221;{}&#8221;][\/et_pb_wc_cart_notice][\/et_pb_column][\/et_pb_row][et_pb_row column_structure=&#8221;1_2,1_2&#8243; custom_padding_last_edited=&#8221;on|phone&#8221; _builder_version=&#8221;4.22.1&#8243; background_size=&#8221;initial&#8221; background_position=&#8221;top_left&#8221; background_repeat=&#8221;repeat&#8221; width=&#8221;100%&#8221; custom_padding=&#8221;0px||||false|false&#8221; custom_padding_tablet=&#8221;0px||||false|false&#8221; custom_padding_phone=&#8221;15px|15px|15px|15px|true|true&#8221; global_colors_info=&#8221;{}&#8221;][et_pb_column type=&#8221;1_2&#8243; _builder_version=&#8221;4.16&#8243; custom_padding=&#8221;|||&#8221; global_colors_info=&#8221;{}&#8221; custom_padding__hover=&#8221;|||&#8221;][et_pb_wc_images product=&#8221;2264&#8243; _builder_version=&#8221;4.24.2&#8243; global_colors_info=&#8221;{}&#8221;][\/et_pb_wc_images][et_pb_toggle title=&#8221;Description&#8221; open_toggle_text_color=&#8221;#000000&#8243; open_toggle_background_color=&#8221;#FFFFFF&#8221; closed_toggle_background_color=&#8221;#FFFFFF&#8221; icon_color=&#8221;#000000&#8243; toggle_icon=&#8221;&#x4c;||divi||400&#8243; open_icon_color=&#8221;#000000&#8243; open_toggle_icon=&#8221;&#x4b;||divi||400&#8243; _builder_version=&#8221;4.24.2&#8243; _module_preset=&#8221;default&#8221; title_text_color=&#8221;#000000&#8243; title_font=&#8221;ETHON BLACK||||||||&#8221; title_font_size=&#8221;25px&#8221; text_orientation=&#8221;justified&#8221; custom_margin=&#8221;||20px||false|false&#8221; custom_padding=&#8221;20px||0px||false|false&#8221; border_width_all=&#8221;0px&#8221; border_width_top=&#8221;1px&#8221; border_color_top=&#8221;#000000&#8243; global_colors_info=&#8221;{}&#8221;]<\/p>\n<p><span>Chers amis, \u00e0 quelques jours de la plus romantique des journ\u00e9es \u2026<\/span><\/p>\n<p><span>Nous sommes heureux d\u2019annoncer la sortie de notre PREMI\u00c8RE lithographie avec la talentueuse artiste Vinie en collaboration avec l\u2019exceptionnel atelier d\u2019impression d\u2019art IDEM Paris.<\/span><\/p>\n<p><span>90 exemplaires \u00e9dit\u00e9s en s\u00e9rie limit\u00e9e, en noir et blanc et 30 exemplaires uniques rehauss\u00e9s \u00e0 la main \u00e0 l\u2019encre de couleur. Chaque exemplaire est sign\u00e9 et num\u00e9rot\u00e9 par l\u2019artiste, avec un timbre sec de IDEM PARIS, accompagn\u00e9 d\u2019un certificat d\u2019authenticit\u00e9.<\/span><\/p>\n<p dir=\"ltr\">L\u2019impression a \u00e9t\u00e9 produite avec la machine Marinoni Press, qui date de 1880, dans le cadre historique de la maison de lithographie IDEM PARIS, o\u00f9 des grands artistes tels que Picasso, Matisse et Chagall ont travaill\u00e9 leur cr\u00e9ations.<\/p>\n<p>L\u2019image est bas\u00e9e sur la fresque r\u00e9alis\u00e9e par Vinie dans les anciennes carri\u00e8res de Bourgogne.\u00a0<\/p>\n<p>[\/et_pb_toggle][et_pb_toggle title=&#8221;ARTIST BIOGRAPHY&#8221; open_toggle_text_color=&#8221;#000000&#8243; open_toggle_background_color=&#8221;#FFFFFF&#8221; closed_toggle_background_color=&#8221;#FFFFFF&#8221; icon_color=&#8221;#000000&#8243; toggle_icon=&#8221;&#x4c;||divi||400&#8243; open_icon_color=&#8221;#000000&#8243; open_toggle_icon=&#8221;&#x4b;||divi||400&#8243; _builder_version=&#8221;4.24.2&#8243; _module_preset=&#8221;default&#8221; title_text_color=&#8221;#000000&#8243; title_font=&#8221;ETHON BLACK||||||||&#8221; title_font_size=&#8221;25px&#8221; text_orientation=&#8221;justified&#8221; border_width_all=&#8221;0px&#8221; border_width_top=&#8221;1px&#8221; border_color_top=&#8221;#000000&#8243; global_colors_info=&#8221;{}&#8221;]<\/p>\n<p><span>N\u00e9e \u00e0 Toulouse, Vinie dessine et peint depuis son enfance. Elle expose sur les murs des villes un personnage f\u00e9minin reconnaissable \u00e0 sa coiffure explosive, faite de tags, flops et d\u00e9dicaces diverses, et s\u2019efforce au maximum d\u2019utiliser l\u2019environnement, en particulier la v\u00e9g\u00e9tation pr\u00e9sente, pour r\u00e9aliser ses \u0153uvres. Aujourd\u2019hui, elle participe \u00e0 des festivals internationaux d\u2019art urbain et expose son personnage imaginaire dans le monde entier. Elle allie ainsi ses deux passions : peinture et voyage.<\/span><\/p>\n<p>[\/et_pb_toggle][\/et_pb_column][et_pb_column type=&#8221;1_2&#8243; _builder_version=&#8221;4.16&#8243; custom_padding=&#8221;|||&#8221; global_colors_info=&#8221;{}&#8221; custom_padding__hover=&#8221;|||&#8221;][et_pb_wc_title product=&#8221;25953520&#8243; _builder_version=&#8221;4.24.2&#8243; header_font=&#8221;ETHON BLACK||||||||&#8221; header_text_align_tablet=&#8221;&#8221; header_text_align_phone=&#8221;center&#8221; header_text_align_last_edited=&#8221;on|phone&#8221; global_colors_info=&#8221;{}&#8221;][\/et_pb_wc_title][et_pb_wc_price product=&#8221;2264&#8243; _builder_version=&#8221;4.24.2&#8243; text_orientation_tablet=&#8221;&#8221; text_orientation_phone=&#8221;center&#8221; text_orientation_last_edited=&#8221;on|phone&#8221; global_colors_info=&#8221;{}&#8221;][\/et_pb_wc_price][et_pb_wc_add_to_cart product=&#8221;2264&#8243; _builder_version=&#8221;4.24.2&#8243; custom_button=&#8221;on&#8221; button_text_color=&#8221;#FFFFFF&#8221; button_bg_color=&#8221;#000000&#8243; text_orientation_tablet=&#8221;&#8221; text_orientation_phone=&#8221;center&#8221; text_orientation_last_edited=&#8221;on|phone&#8221; global_colors_info=&#8221;{}&#8221; button_bg_color__hover_enabled=&#8221;on|desktop&#8221; button_bg_color__hover=&#8221;#F24821&#8243; button_bg_enable_color__hover=&#8221;on&#8221;][\/et_pb_wc_add_to_cart][et_pb_text _builder_version=&#8221;4.25.1&#8243; _module_preset=&#8221;default&#8221; text_orientation=&#8221;center&#8221; hover_enabled=&#8221;0&#8243; global_colors_info=&#8221;{}&#8221; sticky_enabled=&#8221;0&#8243;]<\/p>\n<p>VINIE<\/p>\n<p>70 x 70 cm on BFK Rivers 270g paper<\/p>\n<p>Hand-cut edges, limited editions in black and white<\/p>\n<p>[\/et_pb_text][et_pb_video src=&#8221;https:\/\/goldshteynsaatortgallery.com\/wp-content\/uploads\/2022\/02\/VINIE-LITHO-.mov&#8221; _builder_version=&#8221;4.24.2&#8243; _module_preset=&#8221;default&#8221; global_colors_info=&#8221;{}&#8221;][\/et_pb_video][et_pb_video src=&#8221;https:\/\/goldshteynsaatortgallery.com\/wp-content\/uploads\/2022\/02\/VINIE-TIENS-LITHO-.mov&#8221; _builder_version=&#8221;4.24.2&#8243; _module_preset=&#8221;default&#8221; global_colors_info=&#8221;{}&#8221;][\/et_pb_video][\/et_pb_column][\/et_pb_row][et_pb_row custom_padding_last_edited=&#8221;on|phone&#8221; _builder_version=&#8221;4.22.1&#8243; background_size=&#8221;initial&#8221; background_position=&#8221;top_left&#8221; background_repeat=&#8221;repeat&#8221; width=&#8221;100%&#8221; custom_padding_tablet=&#8221;&#8221; custom_padding_phone=&#8221;|15px||15px|false|true&#8221; global_colors_info=&#8221;{}&#8221;][et_pb_column type=&#8221;4_4&#8243; _builder_version=&#8221;4.16&#8243; custom_padding=&#8221;|||&#8221; global_colors_info=&#8221;{}&#8221; custom_padding__hover=&#8221;|||&#8221;][et_pb_wc_upsells _builder_version=&#8221;4.22.1&#8243; title_font=&#8221;ETHON BLACK||||||||&#8221; title_font_size=&#8221;30px&#8221; text_orientation=&#8221;center&#8221; global_colors_info=&#8221;{}&#8221;][\/et_pb_wc_upsells][\/et_pb_column][\/et_pb_row][\/et_pb_section]<\/p>\n","protected":false},"excerpt":{"rendered":"<div class=\"et_pb_module dipi_dual_heading dipi_dual_heading_0\">\n\t\t\t\t\n\t\t\t\t\n\t\t\t\t\n\t\t\t\t\n\t\t\t\t\n\t\t\t\t\n\t\t\t\t<div class=\"et_pb_module_inner\">\n\t\t\t\t\t\n                <div class=\"dipi-dual-heading \">\n                    <h2 class=\"dipi-dh-main\">\n                        <span class=\"dipi-dh-first-heading\">\n                            <span class=\"dipi-dh-animation-container\">\n                                <span class=\"dipi-dh-bg-container\">\n                                    &#8221;LITHOGRAPHIE\n                                <\/span>\n                            <\/span>\n                        <\/span>\n                        <span class=\"dipi-dh-second-heading\">\n                            <span class=\"dipi-dh-animation-container\">\n                                <span class=\"dipi-dh-bg-container\">\n                                    &#8221;VINIE&#8221;\n                                <\/span>\n                            <\/span>\n                        <\/span>\n                    <\/h2>\n                <\/div>\n\t\t\t\t<\/div>\n\t\t\t<\/div>\n","protected":false},"author":2,"featured_media":0,"parent":0,"menu_order":0,"comment_status":"closed","ping_status":"closed","template":"","meta":{"_et_pb_use_builder":"on","_et_pb_old_content":"","_et_gb_content_width":"","footnotes":""},"dipi_cpt_category":[],"class_list":["post-25953645","page","type-page","status-publish","hentry"],"yoast_head":"<!-- This site is optimized with the Yoast SEO plugin v27.5 - https:\/\/yoast.com\/product\/yoast-seo-wordpress\/ -->\n<title>Litho vinie - Goldshteyn Saatort Gallery<\/title>\n<meta name=\"robots\" content=\"index, follow, max-snippet:-1, max-image-preview:large, max-video-preview:-1\" \/>\n<link rel=\"canonical\" href=\"https:\/\/goldshteynsaatortgallery.com\/en\/lithographie-vinie\/\" \/>\n<meta property=\"og:locale\" content=\"en_US\" \/>\n<meta property=\"og:type\" content=\"article\" \/>\n<meta property=\"og:title\" content=\"Litho vinie - Goldshteyn Saatort Gallery\" \/>\n<meta property=\"og:url\" content=\"https:\/\/goldshteynsaatortgallery.com\/en\/lithographie-vinie\/\" \/>\n<meta property=\"og:site_name\" content=\"Goldshteyn Saatort Gallery\" \/>\n<meta property=\"article:modified_time\" content=\"2024-05-30T14:12:59+00:00\" \/>\n<meta name=\"twitter:card\" content=\"summary_large_image\" \/>\n<meta name=\"twitter:description\" content=\"[dipi_dual_heading first_heading=&quot;LITHOGRAPHIE &quot; second_heading=&quot;VINIE&quot; fh_style=&quot;stroke&quot; fh_stroke_color=&quot;#000000&quot; fh_stroke_fill=&quot;RGBA(0,0,0,0)&quot; first_heading_color_gradient_stops=&quot;#ed3f2f 0%|#8e0e0e 100%&quot; first_heading_color_gradient_start=&quot;#ed3f2f&quot; first_heading_color_gradient_end=&quot;#8e0e0e&quot; first_heading_image=&quot;https:\/\/goldshteynsaatortgallery.com\/wp-content\/uploads\/2021\/10\/LAKERS-AKIROVITCH-56X39-2021-galeriedart.jpg&quot; sh_style=&quot;background&quot; sh_background_animation=&quot;on&quot; sh_background_animation_speed=&quot;16&quot; sh_background_animation_direction=&quot;dipiBGTopToBottom&quot; sh_background_style=&quot;clipped&quot; second_heading_image=&quot;https:\/\/goldshteynsaatortgallery.com\/wp-content\/uploads\/2021\/10\/Bourgogne-Vinie-120X120-2021-galerie.jpg&quot; bt_style=&quot;background&quot; background_text_use_color_gradient=&quot;on&quot; background_text_color_gradient_stops=&quot;#b72924 0%|#ff4621 100%&quot; background_text_color_gradient_start=&quot;#b72924&quot; background_text_color_gradient_end=&quot;#ff4621&quot; sh_reveal_effect_use_color_gradient=&quot;on&quot; heading_display_tablet=&quot;&quot; heading_display_phone=&quot;column&quot; heading_display_last_edited=&quot;on|phone&quot; _builder_version=&quot;4.24.2&quot; _module_preset=&quot;default&quot; first_heading_font=&quot;ETHON bLK normal|900||on|||||&quot; first_heading_text_color=&quot;#000000&quot; first_heading_font_size=&quot;100px&quot; first_heading_letter_spacing=&quot;7px&quot; first_heading_line_height=&quot;0.9em&quot; second_heading_font=&quot;ETHON bLK normal|900||on|||||&quot; second_heading_font_size=&quot;100px&quot; second_heading_line_height=&quot;0.9em&quot; background_text_font=&quot;|700|||||||&quot; background_text_text_color=&quot;#000000&quot; first_heading_font_size_tablet=&quot;70px&quot; first_heading_font_size_phone=&quot;40px&quot; first_heading_font_size_last_edited=&quot;on|tablet&quot; second_heading_font_size_tablet=&quot;100px&quot; second_heading_font_size_phone=&quot;40px&quot; second_heading_font_size_last_edited=&quot;on|phone&quot; global_colors_info=&quot;{}&quot; overlay_bg_color_gradient_type_tablet=&quot;linear&quot; overlay_bg_color_gradient_type_phone=&quot;linear&quot; [&hellip;]\" \/>\n<meta name=\"twitter:label1\" content=\"Est. reading time\" \/>\n\t<meta name=\"twitter:data1\" content=\"3 minutes\" \/>\n<script type=\"application\/ld+json\" class=\"yoast-schema-graph\">{\"@context\":\"https:\\\/\\\/schema.org\",\"@graph\":[{\"@type\":\"WebPage\",\"@id\":\"https:\\\/\\\/goldshteynsaatortgallery.com\\\/en\\\/lithographie-vinie\\\/\",\"url\":\"https:\\\/\\\/goldshteynsaatortgallery.com\\\/en\\\/lithographie-vinie\\\/\",\"name\":\"Litho vinie - Goldshteyn Saatort Gallery\",\"isPartOf\":{\"@id\":\"https:\\\/\\\/goldshteynsaatortgallery.com\\\/#website\"},\"datePublished\":\"2024-03-23T20:42:31+00:00\",\"dateModified\":\"2024-05-30T14:12:59+00:00\",\"breadcrumb\":{\"@id\":\"https:\\\/\\\/goldshteynsaatortgallery.com\\\/en\\\/lithographie-vinie\\\/#breadcrumb\"},\"inLanguage\":\"en-US\",\"potentialAction\":[{\"@type\":\"ReadAction\",\"target\":[\"https:\\\/\\\/goldshteynsaatortgallery.com\\\/en\\\/lithographie-vinie\\\/\"]}]},{\"@type\":\"BreadcrumbList\",\"@id\":\"https:\\\/\\\/goldshteynsaatortgallery.com\\\/en\\\/lithographie-vinie\\\/#breadcrumb\",\"itemListElement\":[{\"@type\":\"ListItem\",\"position\":1,\"name\":\"Accueil\",\"item\":\"https:\\\/\\\/goldshteynsaatortgallery.com\\\/\"},{\"@type\":\"ListItem\",\"position\":2,\"name\":\"Litho vinie\"}]},{\"@type\":\"WebSite\",\"@id\":\"https:\\\/\\\/goldshteynsaatortgallery.com\\\/#website\",\"url\":\"https:\\\/\\\/goldshteynsaatortgallery.com\\\/\",\"name\":\"Goldshteyn Saatort Gallery\",\"description\":\"Galerie d&#039;art - Paris\",\"potentialAction\":[{\"@type\":\"SearchAction\",\"target\":{\"@type\":\"EntryPoint\",\"urlTemplate\":\"https:\\\/\\\/goldshteynsaatortgallery.com\\\/?s={search_term_string}\"},\"query-input\":{\"@type\":\"PropertyValueSpecification\",\"valueRequired\":true,\"valueName\":\"search_term_string\"}}],\"inLanguage\":\"en-US\"}]}<\/script>\n<!-- \/ Yoast SEO plugin. -->","yoast_head_json":{"title":"Litho vinie - Goldshteyn Saatort Gallery","robots":{"index":"index","follow":"follow","max-snippet":"max-snippet:-1","max-image-preview":"max-image-preview:large","max-video-preview":"max-video-preview:-1"},"canonical":"https:\/\/goldshteynsaatortgallery.com\/en\/lithographie-vinie\/","og_locale":"en_US","og_type":"article","og_title":"Litho vinie - Goldshteyn Saatort Gallery","og_url":"https:\/\/goldshteynsaatortgallery.com\/en\/lithographie-vinie\/","og_site_name":"Goldshteyn Saatort Gallery","article_modified_time":"2024-05-30T14:12:59+00:00","twitter_card":"summary_large_image","twitter_description":"[dipi_dual_heading first_heading=\"LITHOGRAPHIE \" second_heading=\"VINIE\" fh_style=\"stroke\" fh_stroke_color=\"#000000\" fh_stroke_fill=\"RGBA(0,0,0,0)\" first_heading_color_gradient_stops=\"#ed3f2f 0%|#8e0e0e 100%\" first_heading_color_gradient_start=\"#ed3f2f\" first_heading_color_gradient_end=\"#8e0e0e\" first_heading_image=\"https:\/\/goldshteynsaatortgallery.com\/wp-content\/uploads\/2021\/10\/LAKERS-AKIROVITCH-56X39-2021-galeriedart.jpg\" sh_style=\"background\" sh_background_animation=\"on\" sh_background_animation_speed=\"16\" sh_background_animation_direction=\"dipiBGTopToBottom\" sh_background_style=\"clipped\" second_heading_image=\"https:\/\/goldshteynsaatortgallery.com\/wp-content\/uploads\/2021\/10\/Bourgogne-Vinie-120X120-2021-galerie.jpg\" bt_style=\"background\" background_text_use_color_gradient=\"on\" background_text_color_gradient_stops=\"#b72924 0%|#ff4621 100%\" background_text_color_gradient_start=\"#b72924\" background_text_color_gradient_end=\"#ff4621\" sh_reveal_effect_use_color_gradient=\"on\" heading_display_tablet=\"\" heading_display_phone=\"column\" heading_display_last_edited=\"on|phone\" _builder_version=\"4.24.2\" _module_preset=\"default\" first_heading_font=\"ETHON bLK normal|900||on|||||\" first_heading_text_color=\"#000000\" first_heading_font_size=\"100px\" first_heading_letter_spacing=\"7px\" first_heading_line_height=\"0.9em\" second_heading_font=\"ETHON bLK normal|900||on|||||\" second_heading_font_size=\"100px\" second_heading_line_height=\"0.9em\" background_text_font=\"|700|||||||\" background_text_text_color=\"#000000\" first_heading_font_size_tablet=\"70px\" first_heading_font_size_phone=\"40px\" first_heading_font_size_last_edited=\"on|tablet\" second_heading_font_size_tablet=\"100px\" second_heading_font_size_phone=\"40px\" second_heading_font_size_last_edited=\"on|phone\" global_colors_info=\"{}\" overlay_bg_color_gradient_type_tablet=\"linear\" overlay_bg_color_gradient_type_phone=\"linear\" [&hellip;]","twitter_misc":{"Est. reading time":"3 minutes"},"schema":{"@context":"https:\/\/schema.org","@graph":[{"@type":"WebPage","@id":"https:\/\/goldshteynsaatortgallery.com\/en\/lithographie-vinie\/","url":"https:\/\/goldshteynsaatortgallery.com\/en\/lithographie-vinie\/","name":"Litho vinie - Goldshteyn Saatort Gallery","isPartOf":{"@id":"https:\/\/goldshteynsaatortgallery.com\/#website"},"datePublished":"2024-03-23T20:42:31+00:00","dateModified":"2024-05-30T14:12:59+00:00","breadcrumb":{"@id":"https:\/\/goldshteynsaatortgallery.com\/en\/lithographie-vinie\/#breadcrumb"},"inLanguage":"en-US","potentialAction":[{"@type":"ReadAction","target":["https:\/\/goldshteynsaatortgallery.com\/en\/lithographie-vinie\/"]}]},{"@type":"BreadcrumbList","@id":"https:\/\/goldshteynsaatortgallery.com\/en\/lithographie-vinie\/#breadcrumb","itemListElement":[{"@type":"ListItem","position":1,"name":"Accueil","item":"https:\/\/goldshteynsaatortgallery.com\/"},{"@type":"ListItem","position":2,"name":"Litho vinie"}]},{"@type":"WebSite","@id":"https:\/\/goldshteynsaatortgallery.com\/#website","url":"https:\/\/goldshteynsaatortgallery.com\/","name":"Goldshteyn Saatort Gallery","description":"Galerie d&#039;art - Paris","potentialAction":[{"@type":"SearchAction","target":{"@type":"EntryPoint","urlTemplate":"https:\/\/goldshteynsaatortgallery.com\/?s={search_term_string}"},"query-input":{"@type":"PropertyValueSpecification","valueRequired":true,"valueName":"search_term_string"}}],"inLanguage":"en-US"}]}},"_links":{"self":[{"href":"https:\/\/goldshteynsaatortgallery.com\/en\/wp-json\/wp\/v2\/pages\/25953645","targetHints":{"allow":["GET"]}}],"collection":[{"href":"https:\/\/goldshteynsaatortgallery.com\/en\/wp-json\/wp\/v2\/pages"}],"about":[{"href":"https:\/\/goldshteynsaatortgallery.com\/en\/wp-json\/wp\/v2\/types\/page"}],"author":[{"embeddable":true,"href":"https:\/\/goldshteynsaatortgallery.com\/en\/wp-json\/wp\/v2\/users\/2"}],"replies":[{"embeddable":true,"href":"https:\/\/goldshteynsaatortgallery.com\/en\/wp-json\/wp\/v2\/comments?post=25953645"}],"version-history":[{"count":3,"href":"https:\/\/goldshteynsaatortgallery.com\/en\/wp-json\/wp\/v2\/pages\/25953645\/revisions"}],"predecessor-version":[{"id":25953807,"href":"https:\/\/goldshteynsaatortgallery.com\/en\/wp-json\/wp\/v2\/pages\/25953645\/revisions\/25953807"}],"wp:attachment":[{"href":"https:\/\/goldshteynsaatortgallery.com\/en\/wp-json\/wp\/v2\/media?parent=25953645"}],"wp:term":[{"taxonomy":"dipi_cpt_category","embeddable":true,"href":"https:\/\/goldshteynsaatortgallery.com\/en\/wp-json\/wp\/v2\/dipi_cpt_category?post=25953645"}],"curies":[{"name":"wp","href":"https:\/\/api.w.org\/{rel}","templated":true}]}}